{"id":2,"date":"2021-03-08T20:20:11","date_gmt":"2021-03-08T20:20:11","guid":{"rendered":"https:\/\/circoloculturaitalia.com\/?page_id=2"},"modified":"2022-10-17T12:17:07","modified_gmt":"2022-10-17T15:17:07","slug":"pagina-ejemplo","status":"publish","type":"page","link":"https:\/\/circoloculturaitalia.com\/","title":{"rendered":"Inicio Circolo"},"content":{"rendered":"\n<h2 class=\"wp-block-heading\">L\u2019ASSOCIAZIONE \u201cCIRCOLO CULTURA ITALIA\u201d \u2013 Neuquen ( Argentina)<\/h2>\n\n\n\n<figure class=\"wp-block-image\"><img decoding=\"async\" src=\"http:\/\/circoloculturaitalia.com\/wp-content\/uploads\/2021\/02\/15880966927965.jpg\" alt=\"\" title=\"\"\/><\/figure>\n\n\n\n<p>Svolgiamo attivita\u2019 di promozione culturale e sociale<\/p>\n\n\n\n<p>L\u2019associazione Circolo Cultura Italia \u00e8 un\u2019associazione culturale internazionale di promozione sociale apolitica e senza scopo di lucro. La cultura in tutte le sue forme ed espressioni: dalla letteratura al cinema, dal teatro alla musica, il ballo e l\u2019arte fino alla ricerca scientifica, costituiscono per l\u2019associazione, lo stimolo, la voglia, il terreno pi\u00f9 fertile e importante per qualunque societ\u00e0 civile nel promuovere iniziative, eventi, incontri, dibattiti.<\/p>\n\n\n\n<p>Tante attivit\u00e0 rientrano in un\u2019associazione come il Circolo Cultura Italia che intende adoperarsi nella cultura a 360 gradi a tutti i livelli di territorialit\u00e0, locale, nazionale e internazionale, con sede locale a Neuquen, e eventuali sedi internazionali collocate in altri paesi del mondo che divengono una rete importante di relazioni dalle quali emergono nuove possibilit\u00e0 per chi vuole promuovere la cultura, per chi ama la cultura, per i professionisti che si adoperano nei diversi settori culturali. Il Circolo Cultura Italia si avvale di un importante comitato artistico e scientifico costituiti da personalit\u00e0 del mondo della cultura, dello spettacolo, della scienza, che sono punti di riferimento importanti per lo sviluppo e la promozione di iniziative.<\/p>\n\n\n\n<p>Tra gli scopi deL Circolo Cultuta Italia c\u2019\u00e8 la promozione e il sostegno di iniziative mirate al sociale, alla filantropia e a finalit\u00e0 umanistiche, in quei contesti dove il patrimonio culturale degli individui, le capacit\u00e0 artistiche, l\u2019entusiasmo di organizzazione e cooperazione possono trasformarsi in \u201cstrumenti\u201d per aiutare il prossimo. Di estrema importanza sono le partnership culturali che il Circolo Cultuta Italia propone e sostiene con importanti associazioni, enti, accademie, universit\u00e0, sparse in tutto il mondo.<\/p>\n\n\n\n<hr class=\"wp-block-separator\"\/>\n\n\n\n<p>LA ASOCIACION \u201cCIRCOLO CULTURA ITALIA\u201d \u2013 Neuquen \u2013 Argentina<\/p>\n\n\n\n<p>Desarrollamos actividades de promoci\u00f3n cultural y social<\/p>\n\n\n\n<p>\u201cCircolo Cultura Italia\u201d es una asociaci\u00f3n cultural internacional de promoci\u00f3n social apol\u00edtica y sin fines de lucro. La cultura en todas sus formas y expresiones: desde la literatura al cine, desde el teatro a la m\u00fasica, desde la danza al arte y la investigaci\u00f3n cient\u00edfica constituyen para la asociaci\u00f3n: el est\u00edmulo, el deseo, el terreno f\u00e9rtil m\u00e1s importante para cualquier sociedad civil en la promoci\u00f3n de iniciativas, eventos, encuentros, debates.<\/p>\n\n\n\n<p>Estas actividades forman parte de esta asociaci\u00f3n \u201cCircolo Cultura Italia\u201d que pretende trabajar en cultura a 360 grados en todos los niveles de territorialidad; ya sea local, nacional e internacional, con sede en Neuquen y alguna oficina internacional ubicada en otros pa\u00edses del mundo que se convierta en una importante red de relaciones de las que emerjan nuevas posibilidades para aquellos que quieran promover la cultura , para los que aman la cultura, para los profesionales que trabajan en los diferentes sectores culturales.&nbsp;<\/p>\n\n\n\n<p>En el \u201cCircolo Cultura Italia\u201d se encuentra la promoci\u00f3n y el apoyo de iniciativas dirigidas a fines sociales, filantr\u00f3picos y human\u00edsticos, en aquellos contextos donde el patrimonio cultural de las personas, las habilidades art\u00edsticas, el entusiasmo por la organizaci\u00f3n y la cooperaci\u00f3n pueden convertirse en \u00abherramientas\u00bb para ayudar a los dem\u00e1s. De extrema importancia son las asociaciones culturales que el \u201cCircolo Cultura Italia\u201d propone y apoya con importantes asociaciones, entidades, academias, universidades, distribuidas en todo el mundo.<\/p>\n","protected":false},"excerpt":{"rendered":"<p>L\u2019ASSOCIAZIONE \u201cCIRCOLO CULTURA ITALIA\u201d \u2013 Neuquen ( Argentina) Svolgiamo attivita\u2019 di promozione culturale e sociale L\u2019associazione Circolo Cultura Italia \u00e8 un\u2019associazione culturale internazionale di promozione sociale apolitica e senza scopo di lucro. La cultura in tutte le sue forme ed espressioni: dalla letteratura al cinema, [&hellip;]<\/p>\n","protected":false},"author":1,"featured_media":9,"parent":0,"menu_order":0,"comment_status":"closed","ping_status":"open","template":"","meta":{"footnotes":""},"class_list":["post-2","page","type-page","status-publish","has-post-thumbnail","hentry"],"_links":{"self":[{"href":"https:\/\/circoloculturaitalia.com\/index.php\/wp-json\/wp\/v2\/pages\/2","targetHints":{"allow":["GET"]}}],"collection":[{"href":"https:\/\/circoloculturaitalia.com\/index.php\/wp-json\/wp\/v2\/pages"}],"about":[{"href":"https:\/\/circoloculturaitalia.com\/index.php\/wp-json\/wp\/v2\/types\/page"}],"author":[{"embeddable":true,"href":"https:\/\/circoloculturaitalia.com\/index.php\/wp-json\/wp\/v2\/users\/1"}],"replies":[{"embeddable":true,"href":"https:\/\/circoloculturaitalia.com\/index.php\/wp-json\/wp\/v2\/comments?post=2"}],"version-history":[{"count":6,"href":"https:\/\/circoloculturaitalia.com\/index.php\/wp-json\/wp\/v2\/pages\/2\/revisions"}],"predecessor-version":[{"id":361,"href":"https:\/\/circoloculturaitalia.com\/index.php\/wp-json\/wp\/v2\/pages\/2\/revisions\/361"}],"wp:featuredmedia":[{"embeddable":true,"href":"https:\/\/circoloculturaitalia.com\/index.php\/wp-json\/wp\/v2\/media\/9"}],"wp:attachment":[{"href":"https:\/\/circoloculturaitalia.com\/index.php\/wp-json\/wp\/v2\/media?parent=2"}],"curies":[{"name":"wp","href":"https:\/\/api.w.org\/{rel}","templated":true}]}}