{"id":42,"date":"2021-03-09T22:06:28","date_gmt":"2021-03-09T22:06:28","guid":{"rendered":"https:\/\/circoloculturaitalia.com\/?page_id=42"},"modified":"2021-03-10T00:03:47","modified_gmt":"2021-03-10T00:03:47","slug":"marche","status":"publish","type":"page","link":"https:\/\/circoloculturaitalia.com\/index.php\/marche\/","title":{"rendered":"Marche"},"content":{"rendered":"\n<p>Le&nbsp;Marche&nbsp;sono&nbsp;una regione&nbsp;dell&#8217;Italia centrale,&nbsp;meravigliose quanto insolite per la&nbsp;loro&nbsp;diversit\u00e0 di paesaggio e territorio:&nbsp;forme armoniche e sinuose, falesie e grotte che si alternano a&nbsp;spiagge indimenticabili, colline che rievocano storia, tradizione,&nbsp;arte e montagne attrezzate con impianti di risalita per gli appassionati di sci. Il territorio \u00e8 in prevalenza collinare e montuoso, abbraccia il versante adriatico dell\u2019Appennino&nbsp;umbro-marchigiano&nbsp;con le sue&nbsp;spiagge basse e sabbiose. Rinomato&nbsp;la lunga distesa di sabbia fine e dorata, bagnata da acqua cristallina, che si trova a&nbsp;Senigallia, con il suo lungomare vivo e mondano&nbsp;durante tutte le ore del giorno.&nbsp;Non sono da meno&nbsp;Gabicce&nbsp;mare,&nbsp;Pesaro,&nbsp;Fano,&nbsp;Civitanova Marche&nbsp;e&nbsp;San Benedetto del Tronto&nbsp;che rappresentano una meta ideale&nbsp;per chi ha voglia di rilassarsi e di trovare ristoro tra i tanti stabilimenti balneari,&nbsp;mentre per chi ama la natura estrema, la&nbsp;riviera del Conero&nbsp;offre scenari suggestivi e lembi ancora selvaggi, a volte raggiungibili solo via mare o tra sentieri ritagliati nel verde della macchia mediterranea.&nbsp;Le Marche sono una regione unica soprattutto per quanto riguarda la&nbsp;natura. La regione ospita infatti numerosi&nbsp;parchi nazionali e regionali e&nbsp;oasi del WWF&nbsp;da scoprire; i parchi dei&nbsp;Monti Sibillini&nbsp;e dei&nbsp;Monti della Laga&nbsp;offrono uno spettacolo unico per gli appassionati di trekking. Non si possono perdere le&nbsp;Grotte di Frasassi, m\u00e8ta di visite da ogni parte d\u2019Europa e di grande interesse speleologico per il fenomeno carsico che hanno originato splendide grotte, alcune delle quali abitate sin dalla preistoria. Distese di frutteti e vigneti&nbsp;sulle colline picentine e nella&nbsp;Valle dell\u2019Esino&nbsp;contornano case coloniche dal calore antico dove \u00e8 possibile riscoprire il gusto semplice delle cose genuine. Dimore signorili o antiche case mezzadrili adibite ad agriturismo raccontano la vita del tempo passato, ed accolgono viaggiatori e turisti alla ricerca di emozioni autentiche.<br>Le province sono:&nbsp;Ancona&nbsp;(capoluogo),&nbsp;Ascoli Piceno,&nbsp;Fermo,&nbsp;Macerata,&nbsp;Pesaro&nbsp;e&nbsp;Urbino<br>Le specialit\u00e0:<br>Non parliamo di un\u2019unica cucina ma di un\u2019unione di sapori e gusti di tutto il territorio con le sue caratteristiche specifiche. La ruvidit\u00e0 tipica dell\u2019entroterra, si assapora nei piatti a base di carne con il&nbsp;maiale in porchetta, l\u2019agnello marinato; piatti a base di&nbsp;tartufo, come quelli di&nbsp;Acqualagna&nbsp;e&nbsp;Sant\u2019Agata Feltria&nbsp;e a base&nbsp;di&nbsp;funghi; nei primi piatti,&nbsp;tagliatelle,&nbsp;strozzapreti&nbsp;ed &nbsp;i tradizionali \u201cvincisgrassi\u201d, capostipite di tutte le lasagne al forno della penisola. Il gusto fresco e dolce del mare, si percepisce nei piatti a base di pesce; padrone indiscusso della tavola costiera \u00e8 il \u201cbrodetto\u201d che raccoglie pi\u00f9 di 14 specialit\u00e0 di pesce arricchito, nel pesarese e nell&#8217;anconetano, dal pomodorino e, nell\u2019ascolano, dallo zafferano. Il piatto simbolo della citt\u00e0&nbsp; di Ascoli \u00e8 il&nbsp;fritto misto all\u2019ascolana: olive farcite, crema, zucchine, carciofi e costolette d\u2019agnello mentre tra i dolci troviamo il&nbsp;ciambellotto con i funghetti all\u2019anice, la&nbsp;cicerchiata, i&nbsp;ravioli fritti e ripieni di castagne,&nbsp;crema&nbsp;e&nbsp;ricotta. Degni di nota il&nbsp;pecorino di Talamello&nbsp;avvolto in foglie di noce e invecchiato in grotte di tufo, i&nbsp;prosciutti, i&nbsp;lonzini, la&nbsp;coppa di testa.Tutto accompagnato dai vini piceni: il bianco&nbsp;Falerio dei Colli Ascolani, il&nbsp;Rosso Piceno&nbsp;e&nbsp;Rosso Piceno Superiore&nbsp;e per concludere il vino cotto, conservato in botte, con la suggestione mediterranea all\u2019anisetta e del mistr\u00e0.<br>Cosa Fare:<br>Il mare ed i monti presenti in questa regione sono un connubio ideale per chi ama spaziare ed immergersi nelle limpide acque del mare circostante e nella vegetazione dei suoi parchi.<br>Sono proprio questi ultimi ad occupare una buona percentuale di superficie considerata come area protetta.&nbsp;<\/p>\n\n\n\n<p>L&#8217;Italia in verde:<\/p>\n\n\n\n<p>Le&nbsp;Marche, con il&nbsp;Parco Nazionale&nbsp;dei Monti Sibillini&nbsp;ed il&nbsp;Parco Gran Sasso e Monti della Laga, offrono scenari di grande suggestione con flora e fauna di notevole interesse. Via libera al&nbsp;birdwatching&nbsp;con avvistamenti di aquila reale, falco pellegrino, gufo reale e per gli appassionati di&nbsp;trekking, lunghe camminate tra i boschi e foreste ma anche&nbsp;passeggiate a cavallo, escursioni in canoa e gite in mountain bike.&nbsp; Proprio la bicicletta offre la possibilit\u00e0 di piacevoli percorsi alla scoperta di bellezze naturalistiche, storiche ed artistiche e specialit\u00e0 enogastronomiche tipiche della regione.&nbsp;Per gli amanti dello sci alpino, snowboard e sci da fondo, le montagne dell\u2019Appennino offrono pi\u00f9 di nove stazioni sciistiche, snowpark e piste per lo sci di fondo di varia lunghezza e difficolt\u00e0; il palazzo del ghiaccio di&nbsp;Ussita, invece, riserva a chi&nbsp;pattina sul ghiaccio&nbsp;una piacevole esperienza.&nbsp; Impedibile una gita al&nbsp;Conero, lo splendido promontorio protetto dall\u2019omonimo Parco regionale, che si estende a sud del capoluogo. Il Conero, con&nbsp;Portonovo,&nbsp;Sirolo,&nbsp;Numana&nbsp;\u00e8 la riviera degli anconetani.&nbsp;La sua costa alta e frastagliata e lo splendido mare ne fanno uno dei luoghi di villeggiatura pi\u00f9 affascinanti delle coste italiane. Il fondale, di rara bellezza,&nbsp;ricco di specie animali e vegetali, \u00e8 m\u00e8ta di&nbsp;immersioni subacquee&nbsp;di raro fascino. Sempre ad Ancona i primi giorni di Maggio, la citt\u00e0 \u00e8 in festa per la&nbsp;Fiera di San Ciriaco, santo Patrono. Per quattro giorni la citt\u00e0 \u00e8 allegramente invasa da centinaia di bancarelle, mercatino degli artigiani, mostre mercato, anche con i sapori tipici, artisti di strada e l\u2019estemporanea di pittura \u201cen plein air\u201d.&nbsp; Per gli amanti della&nbsp;musica,&nbsp;AnconaJazz, porta in citt\u00e0 star internazionali ed \u00e8 la principale rassegna marchigiana dedicata al jazz.<\/p>\n","protected":false},"excerpt":{"rendered":"<p>Le&nbsp;Marche&nbsp;sono&nbsp;una regione&nbsp;dell&#8217;Italia centrale,&nbsp;meravigliose quanto insolite per la&nbsp;loro&nbsp;diversit\u00e0 di paesaggio e territorio:&nbsp;forme armoniche e sinuose, falesie e grotte che si alternano a&nbsp;spiagge indimenticabili, colline che rievocano storia, tradizione,&nbsp;arte e montagne attrezzate con impianti di risalita per gli appassionati di sci. Il territorio \u00e8 in prevalenza collinare [&hellip;]<\/p>\n","protected":false},"author":1,"featured_media":43,"parent":0,"menu_order":0,"comment_status":"closed","ping_status":"closed","template":"","meta":{"footnotes":""},"class_list":["post-42","page","type-page","status-publish","has-post-thumbnail","hentry"],"_links":{"self":[{"href":"https:\/\/circoloculturaitalia.com\/index.php\/wp-json\/wp\/v2\/pages\/42","targetHints":{"allow":["GET"]}}],"collection":[{"href":"https:\/\/circoloculturaitalia.com\/index.php\/wp-json\/wp\/v2\/pages"}],"about":[{"href":"https:\/\/circoloculturaitalia.com\/index.php\/wp-json\/wp\/v2\/types\/page"}],"author":[{"embeddable":true,"href":"https:\/\/circoloculturaitalia.com\/index.php\/wp-json\/wp\/v2\/users\/1"}],"replies":[{"embeddable":true,"href":"https:\/\/circoloculturaitalia.com\/index.php\/wp-json\/wp\/v2\/comments?post=42"}],"version-history":[{"count":2,"href":"https:\/\/circoloculturaitalia.com\/index.php\/wp-json\/wp\/v2\/pages\/42\/revisions"}],"predecessor-version":[{"id":96,"href":"https:\/\/circoloculturaitalia.com\/index.php\/wp-json\/wp\/v2\/pages\/42\/revisions\/96"}],"wp:featuredmedia":[{"embeddable":true,"href":"https:\/\/circoloculturaitalia.com\/index.php\/wp-json\/wp\/v2\/media\/43"}],"wp:attachment":[{"href":"https:\/\/circoloculturaitalia.com\/index.php\/wp-json\/wp\/v2\/media?parent=42"}],"curies":[{"name":"wp","href":"https:\/\/api.w.org\/{rel}","templated":true}]}}