{"id":57,"date":"2021-03-09T22:39:36","date_gmt":"2021-03-09T22:39:36","guid":{"rendered":"https:\/\/circoloculturaitalia.com\/?page_id=57"},"modified":"2021-03-10T00:04:59","modified_gmt":"2021-03-10T00:04:59","slug":"sicilia","status":"publish","type":"page","link":"https:\/\/circoloculturaitalia.com\/index.php\/sicilia\/","title":{"rendered":"Sicilia"},"content":{"rendered":"\n<p>La Sicilia \u00e8 la pi\u00f9 grande isola dell\u2019Italia e del Mediterraneo, una terra sorprendente ricca di storia e tradizioni, in cui arte e cultura si intrecciano con meravigliose bellezze naturali. Dal mare alla montagna passando per campagne, vulcani e borghi marinari, sono davvero tanti i motivi per visitare la Sicilia. Come ebbe a esclamare Federico di Svevia, re di Sicilia \u201cNon invidio a Dio il Paradiso, perch\u00e9 sono ben soddisfatto di vivere in Sicilia\u201d. Quali sono le tappe da non perdere durante un viaggio in Sicilia? I posti da menzionare sarebbero moltissimi, ma la&nbsp;top ten dei luoghi pi\u00f9 emblematici&nbsp;della regione non pu\u00f2 non comprendere:<br>1.&nbsp;Taormina: rifugio di artisti, in posizione panoramica tra il mare e la montagna, \u00e8 una cittadina raffinata, che custodisce tesori splendidi, come il suo incredibile Teatro Greco<br>2.&nbsp;Ragusa Ibla: \u00e8 il quartiere pi\u00f9 antico della citt\u00e0 di Ragusa, che svetta dall\u2019alto della collina tra i monti Iblei, e che vanta pi\u00f9 di cinquanta chiese e palazzi nobiliari<br>3.&nbsp;Scala dei Turchi: con la sua falesia bianca che si erge a picco su un mare azzurrissimo \u00e8 tra le spiagge pi\u00f9 belle di tutta la Sicilia<br>4.&nbsp;Isole Eolie: sette isole, una diversa dall\u2019altra, con spiagge e calette da sogno e due vulcani attivi dove dedicarsi al trekking<br>5.&nbsp;Siracusa e l\u2019isola di Ortigia: una citt\u00e0 d\u2019arte straordinaria con una delle pi\u00f9 vaste aree archeologiche del Mediterraneo<br>6.&nbsp;Palermo: dallo stile normanno a quello arabo, dalle testimonianze greche a quelle spagnole, il capoluogo della regione \u00e8 un crogiuolo di culture e luogo di vivaci mercati rionali<br>7.&nbsp;Agrigento e la Valle dei Templi: la citt\u00e0 \u00e8 meta ambita grazie al suo parco archeologico perfettamente conservato, il pi\u00f9 grande al mondo<br>8.&nbsp;Noto: \u00e8 la capitale indiscussa del Barocco siciliano, con un patrimonio artistico di chiese e palazzi eccezionali<br>9.&nbsp;Lampedusa: vanta un mare splendido e bellissime spiagge, come l\u2019Isola dei Conigli, classificata tra le pi\u00f9 belle al mondo<br>10.&nbsp;San Vito Lo Capo e la Riserva dello Zingaro: l\u2019estremit\u00e0 occidentale dell\u2019isola racchiude spiagge sensazionali, siti archeologici unici e una natura spettacolare, come la Riserva dello Zingaro<br>Nell\u2019elenco dei&nbsp;Patrimoni dell\u2019Umanit\u00e0 dell\u2019Unesco&nbsp;compaiono&nbsp;sette siti siciliani: oltre alle citt\u00e0 barocche di Noto, Modica e Ragusa, alle Isole Eolie, alla Valle dei Templi di Agrigento e a Siracusa con le necropoli rupestri di Pantalica, hanno ottenuto questo prestigioso riconoscimento anche l\u2019Etna&nbsp;\u2013 in quanto uno dei vulcani pi\u00f9 emblematici e attivi del mondo -, la&nbsp;Villa Romana del Casale, a Piazza Armerina, e il&nbsp;Percorso Arabo-Normanno di Palermo, Monreale e Cefal\u00f9, un itinerario di scoperta nella storia arabo-normanna dai grandissimi contenuti artistici.<br>La specialit\u00e0:<br>I piatti della cucina siciliana sono conosciuti e amati in tutto il mondo: un viaggio alla scoperta della sua terra \u00e8 anche e soprattutto un viaggio attraverso la sue specialit\u00e0 culinarie, che sono un vero tripudio di colori e sapori. Un pasto tipico siciliano inizia al meglio con una ricchissima variet\u00e0 di antipasti: dal semplice accostamento di olive, formaggi e salumi alla classica&nbsp;caponata&nbsp;(ortaggi fritti conditi con pomodoro e salsa agrodolce), agli&nbsp;involtini di melanzana&nbsp;o alla&nbsp;parmigiana di melanzane, melanzane fritte e gratinate in forno con pomodoro, basilico, aglio e uno o pi\u00f9 formaggi. Quando si parla dei primi piatti siciliani la scelta \u00e8 davvero ampia, con tante specialit\u00e0 che variano a seconda della zona. Tra le pi\u00f9 tipiche trionfa la&nbsp;pasta alla norma, originaria di Catania (di solito maccheroni, con sugo di pomodoro, melanzane fritte e ricotta salata), la&nbsp;pasta con le sarde, a base di bucatini, sarde fresche e finocchietto, e le&nbsp;busiate, un tipo di pasta tradizionale del Trapanese, da gustare con il locale&nbsp;pesto alla trapanese&nbsp;preparato con pomodoro, basilico, aglio, mandorle e pecorino. Tra i migliori secondi siciliani \u00e8 il pesce a farla da padrone: obbligatorio \u00e8 provare almeno una volta le&nbsp;sarde a beccafico, un gustoso involtino di pesce con pecorino e uvetta, le&nbsp;polpette di alici, o il&nbsp;pesce spada alla siciliana, con pomodorini e capperi; chi invece preferisce la carne deve assaggiare il&nbsp;falsomagro&nbsp;o \u201cbruciuluni\u201d, un grosso involtino ripieno di formaggio e verdure. Qualcuno vi offre un dolce? In Sicilia \u00e8 meglio non declinare l\u2019invito perch\u00e9 i dolci sono delle vere squisitezze. Il pi\u00f9 famoso \u00e8 il&nbsp;cannolo, fritto e riempito con ricotta di pecora fresca, gocce di cioccolato e scorza di arancio o granella di pistacchi; non meno famosa \u00e8 la&nbsp;cassata siciliana, preparata con ricotta, gocce di cioccolato, frutta candita e marzapane adagiati sul pan di spagna e i dolcetti di&nbsp;pasta di mandorla, sempre presenti in ogni pasticceria siciliana. Se invece volete approfittare di un pasto al volo, le offerte di street food non mancano: immancabili sono gli&nbsp;arancini, palle di riso impanate e fritte ripiene di pomodoro, rag\u00f9 o pesce; a Palermo immancabili sono&nbsp;pane e panelle, delle frittelle di farina di ceci, le&nbsp;crocch\u00e8, delle crocchette fatte solo con patate e uova, poi impanati e fritti, e lo&nbsp;sfincione, simile a una pizza ma condito con pomodoro, cipolla, acciughe e origano, e il&nbsp;pane cunzato, un pane condito con olio, pomodori freschi, origano, acciughe, sale e pepe ma anche formaggio e cipolle. Perfetta in ogni momento della giornata &#8211; anche se in Sicilia \u00e8 tipica per la colazione &#8211; \u00e8 la&nbsp;granita con la brioche, da gustare in tante deliziose varianti (vi consigliamo quella alla mandorla o ai gelsi). Tra i&nbsp;vini, le etichette pi\u00f9 famose sono quelle del&nbsp;Nero D\u2019Avola, il vitigno a bacca rossa pi\u00f9 tipicamente siciliano, originario del sud-est dell\u2019isola, i&nbsp;vini dell\u2019Etna, come l\u2019Etna Rosso, il Faro e l\u2019Etna Bianco, l\u2019Alcamo&nbsp;della zona di Trapani e Palermo, il&nbsp;Moscato di Noto, il&nbsp;Malvasia delle Lipari, e tra i vini liquorosi il&nbsp;Marsala&nbsp;e lo&nbsp;Zibibbo di Pantelleria.<br>Cosa fare:<br>In Sicilia \u00e8 possibile dedicarsi a una grande variet\u00e0 di attivit\u00e0: dalla vita di mare alle escursioni in montagna, dalla partecipazione a manifestazioni di folklore locale alle attivit\u00e0 sportive pi\u00f9 avventurose. Le occasioni di intrattenimento sono numerose in ogni angolo della regione e in ogni periodo dell\u2019anno. Il mare e le spiagge della Sicilia sono tra le pi\u00f9 belle di tutto il bacino del Mediterraneo: \u00e8 impossibile resistere alla tentazione di fare un po\u2019 di vita di mare lungo le sue bellissime coste e sulle sue tante isole. Tra le spiagge pi\u00f9 belle c\u2019\u00e8 la spiaggia di San Vito lo Capo, la spiaggetta tra cave di tufo di Cala Rossa, sull\u2019isola di Favignana, l\u2019Isola dei Conigli a Lampedusa \u2013 sempre presente nelle classifiche delle spiagge pi\u00f9 belle del mondo -, la bianca falesia di Scala dei Turchi, a Realmonte, la spiaggetta di Cala Capreria, all\u2019interno della Riserva dello Zingaro, Isola Bella a Taormina, la spiaggia di Calamosche tra Vendicari e Noto, la spiaggia di Mondello, vicino a Palermo, e l\u2019affascinante Isola delle Correnti a Portopalo, estrema punta sud-orientale della Sicilia, dove il Mar Ionio si unisce al Mar Mediterraneo. Altamente consigliate sono le escursioni in barca tra le isole dell\u2019Arcipelago vulcanico delle Eolie o delle Egadi, o lungo le coste di Pantelleria o Lampedusa. Gli amanti del trekking in Sicilia non resteranno delusi: nella regione \u00e8 possibile fare escursioni a piedi lungo sentieri panoramici o alle pendici di vulcani ancora attivi. Sulle Isole Eolie si trovano i vulcani di Stromboli e Vulcano; allontanandosi di pochi chilometri da Catania \u00e8 possibile salire fino in vetta all\u2019Etna, con i suoi 3.350 m il maggiore vulcano d\u2019Europa. \u00c8 possibile raggiungere la vetta a piedi lungo sentieri di varia durata e difficolt\u00e0 e dormire in quota in uno dei diversi rifugi escursionistici; in alternativa \u00e8 possibile partecipare a tour in jeep o prendere la funivia che conduce fino a 2.500 metri (da qui volendo \u00e8 possibile proseguire con fuoristrada fino a 2.900 metri). Moltissimi sono gli itinerari percorribili a piedi o a cavallo: ad esempio tra i Monti Peloritani e i Monti Nebrodi, nella Sicilia nordorientale, o all\u2019interno del Parco delle Madonie, un\u2019area naturale protetta poco distante da Palermo, cos\u00ec come nella Riserva Naturale di Alcamo o nella necropoli di Pantalica, la pi\u00f9 grande necropoli europea, tra torrenti e canyon calcarei. Nelle Gole dell\u2019Alcantara, tra Messina e Catania, \u00e8 anche possibile praticare canyoning, hydrospeed o body rafting. Chi ama i percorsi a piedi pu\u00f2 cimentarsi nel \u201cCammino Ibleo\u201d, un interessante percorso naturalistico che si snoda per 150 chilometri nell\u2019entroterra siciliano, nei Monti Iblei, tra le province di Ragusa, Siracusa e Catania. Oppure ancora andare alla scoperta dell\u2019area archeologica e naturalistica di Cava d\u2019Ispica, un canyon scavato dalla natura tra gli altipiani Iblei. Chi cerca qualcosa di diverso, pu\u00f2 fare un\u2019esperienza di trekking con gli asini all\u2019interno del Parco Minerario di Floristella, importante esempio di archeologia industriale nei dintorni di Piazza Armerina, oppure visitare le saline di Trapani e Paceco, oggi area naturale protetta del WWF, o la Riserva naturale di Vendicari, un\u2019oasi faunistica che si estende lungo otto chilometri di spiagge incontaminate. In auto o in bicicletta si pu\u00f2 seguire un itinerario della cultura e del gusto lungo una delle tredici Strade del vino e dei Sapori della Sicilia, tra cui spiccano la Strada del Vino Val di Noto, la Strada del Vino Erice DOC, la Strada del Vino e dei Sapori Val di Mazara o la Strada del Vino Terre Sicane. Durante il percorso \u00e8 possibile visitare aziende vitivinicole a gestione famigliare e gustare i prodotti del territorio in un connubio di storia, natura e sapori. Grazie al clima mite e alla particolare composizione del suolo, la Sicilia vanta anche una tradizione termale antica. A Segesta si trovano le Acque Segestane, acque ipertermali sulfuree alcaline e altamente mineralizzate dove fare bagni termali, fanghi e antro-terapia, oltre alle terme naturali sull\u2019isola di Vulcano e alle terme libere del Lago Specchio di Venere sull\u2019isola di Pantelleria. Per chi viaggia con i bambini, un\u2019occasione da non perdere in Sicilia \u00e8 quella di assistere a uno spettacolo di pupi, le tipiche marionette siciliane: spettacoli si tengono al Teatro dei Pupi di Siracusa, al Teatro Carlo Magno e al Teatro dell\u2019Opera dei Pupi di Palermo. Vicino a Catania, inoltre, si trova Etnaland, il pi\u00f9 grande parco divertimenti del sud Italia, la Citt\u00e0 della Scienza di Catania, e tre acquapark: Etnaland a Belpasso (Catania), Scivolandia a Cammarata (Agrigento) e Acquapark Conte a Sommatino (Caltanissetta). Tra gli eventi ricorrenti pi\u00f9 importanti della Sicilia troviamo il Carnevale di Acireale, tra i pi\u00f9 famosi in Italia, con la sfilata di carri allegorici e carri infiorati, l\u2019Infiorata del Corpus Domini tra le strade di Noto, a maggio; il Palio dei Normanni, una rappresentazione in costumi medievali che si tiene a Piazza Armerina il 12, 13 e 14 agosto, e il Ballo dei diavoli, una tradizione folcloristico-religiosa legata alle manifestazioni pasquali nel comune di Prizzi, in provincia di Palermo. Tra gli eventi religiosi l\u2019appuntamento pi\u00f9 importante a Palermo \u00e8 la Festa di Santa Rosalia, con una sfilata molto scenografica che si tiene ogni anno a luglio; a Catania l\u2019evento pi\u00f9 importante dell\u2019anno \u00e8 la Festa di Sant&#8217;Agata, festa religiosa che si tiene ogni anno dal 3 al 5 febbraio, il 12 febbraio e il 17 agosto, le cui celebrazioni culminano con la processione della santa, patrona della citt\u00e0. Tra giugno e luglio a Taormina si svolge invece il Taormina Film Fest, festival cinematografico internazionale, e per tutta l\u2019estate si pu\u00f2 contare su una ricca programmazione di concerti estivi con star della musica contemporanea, spettacoli di lirica e balletto; all&#8217;inizio del mese di marzo ad Agrigento c\u2019\u00e8 la Festa del mandorlo in fiore, con sfilate folkloristiche e bande musicali. A maggio a San Vito Lo Capo si svolge la Festa degli Aquiloni, con aquilonisti provenienti da varie parti del mondo, mentre a fine settembre l\u2019appuntamento \u00e8 con il Cous Cous Fest, una famosa festa dedicata al cous cous accompagnata da concerti e spettacoli.<\/p>\n","protected":false},"excerpt":{"rendered":"<p>La Sicilia \u00e8 la pi\u00f9 grande isola dell\u2019Italia e del Mediterraneo, una terra sorprendente ricca di storia e tradizioni, in cui arte e cultura si intrecciano con meravigliose bellezze naturali. Dal mare alla montagna passando per campagne, vulcani e borghi marinari, sono davvero tanti i [&hellip;]<\/p>\n","protected":false},"author":1,"featured_media":58,"parent":0,"menu_order":0,"comment_status":"closed","ping_status":"closed","template":"","meta":{"footnotes":""},"class_list":["post-57","page","type-page","status-publish","has-post-thumbnail","hentry"],"_links":{"self":[{"href":"https:\/\/circoloculturaitalia.com\/index.php\/wp-json\/wp\/v2\/pages\/57","targetHints":{"allow":["GET"]}}],"collection":[{"href":"https:\/\/circoloculturaitalia.com\/index.php\/wp-json\/wp\/v2\/pages"}],"about":[{"href":"https:\/\/circoloculturaitalia.com\/index.php\/wp-json\/wp\/v2\/types\/page"}],"author":[{"embeddable":true,"href":"https:\/\/circoloculturaitalia.com\/index.php\/wp-json\/wp\/v2\/users\/1"}],"replies":[{"embeddable":true,"href":"https:\/\/circoloculturaitalia.com\/index.php\/wp-json\/wp\/v2\/comments?post=57"}],"version-history":[{"count":2,"href":"https:\/\/circoloculturaitalia.com\/index.php\/wp-json\/wp\/v2\/pages\/57\/revisions"}],"predecessor-version":[{"id":97,"href":"https:\/\/circoloculturaitalia.com\/index.php\/wp-json\/wp\/v2\/pages\/57\/revisions\/97"}],"wp:featuredmedia":[{"embeddable":true,"href":"https:\/\/circoloculturaitalia.com\/index.php\/wp-json\/wp\/v2\/media\/58"}],"wp:attachment":[{"href":"https:\/\/circoloculturaitalia.com\/index.php\/wp-json\/wp\/v2\/media?parent=57"}],"curies":[{"name":"wp","href":"https:\/\/api.w.org\/{rel}","templated":true}]}}