{"id":61,"date":"2021-03-09T22:42:53","date_gmt":"2021-03-09T22:42:53","guid":{"rendered":"https:\/\/circoloculturaitalia.com\/?page_id=61"},"modified":"2021-03-09T23:55:55","modified_gmt":"2021-03-09T23:55:55","slug":"lazio","status":"publish","type":"page","link":"https:\/\/circoloculturaitalia.com\/index.php\/lazio\/","title":{"rendered":"Lazio"},"content":{"rendered":"\n<p><\/p>\n\n\n\n<p>Citt\u00e0 e borghi traboccanti di storia, aree naturali e tesori nascosti, siti archeologici, laghi e spiagge: il Lazio ospita Roma, la citt\u00e0 per antonomasia, ma custodisce anche molto altro. La regione \u00e8 ampia e ricca di tesori: al suo interno si incontrano montagne e mare, fiumi, laghi e vulcani; ci sono le straordinarie testimonianze storiche della Citt\u00e0 Eterna, ma anche i reperti e le tombe etrusche della Tuscia viterbese, l\u2019area archeologica di Ostia Antica, il tempio di Giove Anxur a Terracina, Villa Adriana a Tivoli, la necropoli di Cerveteri e molto altro ancora. Cosa vedere nel Lazio? Il vostro viaggio di scoperta non pu\u00f2 non fare tappa in queste&nbsp;dieci localit\u00e0:<br>1.&nbsp;Roma: con una storia che copre 28 secoli, tesori e scorci unici al mondo e un fascino a cui \u00e8 impossibile resistere, Roma \u00e8 una sorpresa continua, tappa fondamentale di ogni \u201cgrand tour\u201d d\u2019Italia<br>2.&nbsp;Ostia Antica: il suo bellissimo parco archeologico conserva resti del VII secolo a.C. ed \u00e8 una tappa immancabile per rivivere il tempo dell\u2019Antica Roma<br>3.&nbsp;Isole Pontine: al largo del Golfo di Gaeta, nel Lazio meridionale, \u00e8 un arcipelago di sei splendide isole di origine vulcanica una diversa dall\u2019altra (comprende Ponza, Palmarola, Zannone, Gavi, Ventotene, Santo Stefano)<br>4.&nbsp;I Castelli Romani: una fascia collinare sui Colli Albani, appena fuori Roma, famosa per i borghi pittoreschi (tra cui Castel Gandolfo, residenza estiva dei papi), le ville signorili e l\u2019eccellente cucina<br>5.&nbsp;Civita di Bagnoregio: chiamata \u201cla citt\u00e0 che muore\u201d, \u00e8 un borgo storico arroccato su un colle e accessibile solo attraverso un ponte pedonale, vicino al Lago di Bolsena<br>6.&nbsp;Tarquinia: citt\u00e0 d\u2019arte e simbolo della civilt\u00e0 etrusca, la cittadina custodisce straordinarie necropoli, monumenti di epoca medievale e una riserva naturale lungo il litorale<br>7.&nbsp;Il Parco dei Mostri di Bomarzo: un parco naturale unico nel suo genere, con sculture in basalto del XVI secolo che raffigurano mostri, divinit\u00e0 ed esseri mitologici<br>8.&nbsp;Tivoli: citt\u00e0 a 30 km da Roma, luogo di santuari e magnifiche ville, come la&nbsp;Villa di Adriano, il Parco di Villa Gregoriana,&nbsp;Villa D\u2019Este&nbsp;e il Santuario di Ercole Vincitore<br>9.&nbsp;Il Parco Nazionale del Circeo: una vasta area protetta lungo le coste tra Anzio e Terracina, \u201criserva della biosfera\u201d dell&#8217;UNESCO, che comprende anche il Monte Circeo e l\u2019isola, disabitata, di Zannone<br>10.&nbsp;Sperlonga: collocata su uno sperone di roccia affacciato sul mare, tra viuzze e casette imbiancate a calce, \u00e8 tra i Borghi pi\u00f9 belli d\u2019Italia<br>Per respirare la storia nel Lazio la destinazione per eccellenza \u00e8 prima di tutto&nbsp;Roma, ma in tutta la regione si trovano importanti siti archeologici e luoghi di interesse culturale. Oltre al centro storico di Roma e al Vaticano, sono&nbsp;Patrimonio dell\u2019Umanit\u00e0 dell\u2019Unesco&nbsp;anche i siti di&nbsp;Villa Adriana, dove visse l\u2019omonimo imperatore,&nbsp;Villa D\u2019Este, capolavoro rinascimentale, entrambe a Tivoli, le&nbsp;Necropoli etrusche di Cerveteri e Tarquinia, nel viterbese, l\u2019area del&nbsp;Monte Cimino&nbsp;e il&nbsp;Parco naturale regionale di Bracciano-Martignano, un\u2019area naturale protetta compresa tra il lago di Bracciano e il lago di Martignano.<br>La specialit\u00e0:<br>Casereccia e genuina, gelosa delle sue tradizioni e del suo passato, la cucina laziale viene spesso identificata con la cucina romana, ma in realt\u00e0 va ben oltre, con tante varianti tipiche da zona a zona e contaminazioni dalle regioni vicine. Massima espressione della cucina laziale, gli&nbsp;antipasti&nbsp;abbondano di ingredienti e accostamenti originali: tra i piatti pi\u00f9 tradizionali le&nbsp;bruschette&nbsp;con l\u2019olio o con i pomodorini, i&nbsp;carciofi alla romana, insaporiti con prezzemolo e mentuccia, che insieme alla frittura dei&nbsp;carciofi alla giudia&nbsp;sono tra gli antipasti pi\u00f9 classici della Capitale. Il fritto \u00e8 un metodo di cottura molto diffuso in tutto il Lazio: classici antipasti sono anche i&nbsp;fiori di zucca fritti&nbsp;oppure i&nbsp;frittelli, le cime del cavolo romano fritte in pastella, tipici del periodo natalizio. Tra i primi, immancabili sono i&nbsp;bucatini all\u2019Amatriciana, un condimento a base di guanciale, pomodoro e pecorino originario della cittadina di Amatrice, oppure gli&nbsp;spaghetti alla carbonara, a base di guanciale, pecorino e uova, gli&nbsp;spaghetti cacio e pepe, a base di pepe nero e formaggio Pecorino Romano, o gli&nbsp;gnocchi alla romana, preparati con semola, latte, burro e parmigiano. In quanto ai secondi tra i piatti pi\u00f9 classici c\u2019\u00e8 l\u2019abbacchio, carne di agnello cotta al forno con aglio, rosmarino, vino bianco, acciughe e un pizzico di peperoncino, accompagnato dalle patate, la&nbsp;coda alla vaccinara, coda di bovino stufata in un rag\u00f9 ricco di odori e verdure, o i&nbsp;saltimbocca alla romana, carne di vitello avvolta con prosciutto crudo e salvia e marinata nel vino bianco. Per chi preferisce il pesce consigliamo i&nbsp;calamari alla romana, cucinati con carciofi, prezzemolo e vino bianco, o i&nbsp;bianchetti alla giudea, piccoli pesci fritti con aglio e prezzemolo. Per finire ci vuole un dessert classico: come i&nbsp;maritozzi con la panna, morbide brioche ripiene di panna fresca, un tempo dolce caratteristico della Quaresima, i&nbsp;Bign\u00e8 di San Giuseppe, dolci fritti ripieni di crema pasticcera tipici della Festa del Pap\u00e0, e la&nbsp;crostata con le visciole, con ricotta e marmellata di visciole, dei piccoli frutti rossi simili alle ciliegie. Se volete qualcosa \u201cal volo\u201d, in Lazio l\u2019offerta di&nbsp;street-food&nbsp;non manca: ovunque troverete la&nbsp;pizza a taglio, rossa, con il pomodoro, oppure bianca e dorata, perfetta con la mortadella, a Roma chiamata \u201cmortazza\u201d; tipico street-food della cucina laziale \u00e8 il saporito&nbsp;panino con la porchetta&nbsp;(tradizionale di Ariccia) e i&nbsp;suppl\u00ec, ripieni di riso e mozzarella quindi impanati e fritti, oppure il&nbsp;calzone fritto o al forno, in genere con prosciutto cotto e mozzarella. Sempre fritti sono anche i&nbsp;filetti di baccal\u00e0, filetti di merluzzo impanati e fritti, e i&nbsp;fiori di zucchina&nbsp;ripieni di mozzarella e alici. Se fa caldo ci vuole una rinfrescante&nbsp;grattachecca: ghiaccio (non frullato, ma raschiato a mano) e sciroppo e succhi di frutta a seconda del gusto. Per finire i vini: tra i vini laziali ci sono ottimi bianchi come il&nbsp;Frascati Superiore&nbsp;(DOCG), il&nbsp;Velletri DOC, il&nbsp;Colli Albani DOC, l\u2019Est! Est! Est! di Montefiascone&nbsp;e l\u2019Aleatico. Tra i rossi sono da provare il&nbsp;Cesanese del Piglio, il&nbsp;Cerveteri rosso&nbsp;o il&nbsp;Castelli Romani rosso DOC.<br>Cosa Fare:<br>Il Lazio \u00e8 una destinazione ricca di spunti e suggestioni per chi desidera fare un tour storico e culturale. Oltre agli straordinari tesori di Roma, siti archeologici molto interessanti sono quelli del&nbsp;Parco archeologico dell&#8217;Appia antica\u200e, il&nbsp;Parco archeologico di Ostia Antica, il sito archeologico delle&nbsp;Terme Taurine&nbsp;nei pressi di Civitavecchia, il sito archeologico dell\u2019antica citt\u00e0 di&nbsp;Gabi, il sito di&nbsp;Lucus Feroniae&nbsp;nel comune di Capena, sull&#8217;antica via Tiberina, gli scavi etruschi di&nbsp;Vulci, le&nbsp;Necropoli etrusche di Tuscania e Cerveteri, l\u2019area archeologica del&nbsp;Tuscolo&nbsp;tra i comuni di Montecompatri, Monte Porzio Catone e Frascati,&nbsp;Villa Adriana,&nbsp;Villa Gregoriana&nbsp;e&nbsp;Villa D\u2019Este&nbsp;a Tivoli, l\u2019antico abitato di&nbsp;Veio, uno dei maggiori centri etruschi nel Lazio, il&nbsp;tempio di Ercole a Cori&nbsp;e il&nbsp;tempio di Giove Anxur&nbsp;a Terracina.<br>&nbsp;<br>Il Lazio offre anche molto altro oltre a storia e archeologia. Il suo litorale, affacciato sul Mar Tirreno, vanta&nbsp;360 km di coste&nbsp;prevalentemente sabbiose, dune, torri di avvistamento e lidi suggestivi. Tra le spiagge pi\u00f9 belle c\u2019\u00e8 la lunghissima&nbsp;spiaggia di Sabaudia, tra dune sabbiose e la macchia mediterranea, la&nbsp;spiaggia Litorale del Circeo, nel parco omonimo, con il suo mare limpido e pulito, le&nbsp;spiagge di Levante e Ponente a Terracina, la spiaggia&nbsp;Cala Nave di Ventotene, la&nbsp;spiaggia di Tor Caldara, ad&nbsp;Anzio, racchiusa in una riserva naturale, la costa di&nbsp;Gaeta, 10 chilometri dalla Montagna Spaccata a Sperlonga, in particolare con le spiagge di Arenauta, Ariana, Sant&#8217;Agostino e Serapo. Molto suggestiva \u00e8 la&nbsp;Grotta di Tiberio, una cavit\u00e0 naturale molto apprezzata dagli amanti dello&nbsp;snorkeling. Chi punta alle&nbsp;immersioni&nbsp;nel Lazio non pu\u00f2 perdersi le&nbsp;Secche di Tor Paterno, tra Ostia e Tor San Lorenzo, e la&nbsp;Riva di Traiano&nbsp;poco pi\u00f9 a nord,&nbsp;La Secchitella&nbsp;e la&nbsp;Grotta dei Gamberi&nbsp;a Ventotene,&nbsp;Punta del Pecoraro&nbsp;e&nbsp;Torre del Marangone, a Civitavecchia, la&nbsp;Secca del Dito, lo&nbsp;Scoglio Rosso&nbsp;a Ponza e, per chi ama i relitti, il&nbsp;Relitto dell\u2019Aderno&nbsp;(a 3 miglia di navigazione dal porto di Civitavecchia) e il&nbsp;Relitto Punta Papa, a&nbsp;Ponza. Tra le isole minori&nbsp;Palmarola&nbsp;con le sue \u201ccattedrali\u201d, rocce vulcaniche multicolori con grotte e un meraviglioso fondale di sabbia bianchissima, e la Secca del mariuolo a&nbsp;Zannone. Chi vuole approfittare di un&nbsp;giro sulle due ruote&nbsp;pu\u00f2 scegliere la&nbsp;Pista ciclabile Monte Mario&nbsp;che si snoda in un percorso ad anello di 25 km tra le vie della Capitale, il&nbsp;GRAB&nbsp;(Grande Raccordo Anulare delle Bici), un percorso ad anello di 44 km intorno a Roma, la&nbsp;pista ciclabile del Tevere, 35 km di tracciato dalla zona di Labaro, a nord di Roma, fino al quartiere di Tor di Valle, a sud-ovest. In alternativa \u00e8 possibile pedalare lungo l\u2019Appia Antica&nbsp;fino al lago Albano oppure ancora lungo la&nbsp;vecchia ferrovia da Capranica a Civitavecchia&nbsp;o lungo la&nbsp;ciclabile Paliano \u2013 Serrone \u2013 Fiuggi&nbsp;di 23,5 km che ripercorre il tracciato della vecchia ferrovia Roma-Fiuggi-Frosinone. Gli escursionisti che vogliono fare&nbsp;trekking&nbsp;nel Lazio hanno numerose opportunit\u00e0, dagli Appennini ai laghi vulcanici dei Castelli Romani, fino alle spiagge del Parco Nazionale del Circeo. Attraverso sentieri segnati \u00e8 possibile scoprire la zona dei&nbsp;Colli Albani, con tappe quali il Colle Iano, il Monte Cavo, il Maschio delle Faete e il Monte Tuscolo. Oppure \u00e8 possibile avventurarsi nel&nbsp;Cammino Naturale dei Parchi, con un totale 450 chilometri di sentieri tra Lazio e Abruzzo, da Roma a L\u2019Aquila, oppure nella zona del&nbsp;Lago della Duchessa, sempre al confine tra le due regioni, seguire l\u2019itinerario del Monte Terminillo, partendo dal Rifugio Sebastiani, oppure scoprire i&nbsp;monti Simbruini, tra le catene principali dell\u2019Appennino centrale, o i&nbsp;Monti Cantari, tra le province di Frosinone e dell\u2019Aquila. Chi ama fare trekking con vista mare pu\u00f2 optare per il&nbsp;Parco Nazionale del Circeo, con al suo interno 22 chilometri di litorale per tranquille passeggiate, o l\u2019Isola di Zannone, paradiso naturalistico delle isole Ponziane, dove si trovano diversi sentieri suggestivi tra la macchia mediterranea e i boschi di lecci. Nella regione non mancano le opportunit\u00e0 di&nbsp;relax e benessere: tra i&nbsp;centri termali&nbsp;i pi\u00f9 noti sono&nbsp;Fiuggi, nel cuore della Ciociaria, con le acque termali della fonte Bonifacio VIII le cui propriet\u00e0 terapeutiche erano gi\u00e0 note nel 1200, le&nbsp;Terme di Tivoli, acquee sulfuree rinomate fin dai tempi della Roma imperiale, oggi recuperate e conosciute come \u201cTerme di Roma\u201d, e le&nbsp;Terme dei Papi di Viterbo&nbsp;con le loro rinomate acque ipertermali. Chi viaggia in famiglia far\u00e0 la gioia dei bambini portandoli al&nbsp;Sacro Bosco&nbsp;(o Parco del Mostri) di&nbsp;Bomarzo, nel viterbese, un parco naturale popolato da curiose sculture basaltiche che raffigurano mostri, divinit\u00e0 ed esseri leggendari, o al&nbsp;Bioparco di Roma, il giardino zoologico pi\u00f9 antico d\u2019Italia, a&nbsp;Cinecitt\u00e0 World&nbsp;a Roma, un parco tematico legato al cinema e alla televisione,&nbsp;MagicLand, il parco dei divertimenti di Roma Valmontone oppure in uno dei numerosi parchi acquatici sparsi in tutta la regione. Oltre alle molteplici sagre e agli eventi gastronomici che si svolgono soprattutto in estate, tra gli eventi pi\u00f9 importanti nel Lazio ci sono la&nbsp;Festa del Cinema di Roma, un festival cinematografico internazionale che si svolge in autunno, il&nbsp;Roma Summer Fest, festival musicale estivo che si tiene presso l&#8217;Auditorium Parco della Musica, e gli appuntamenti con la moda della&nbsp;Rome Fashion Week, a settembre. Numerose sono le celebrazioni in occasione del Carnevale, come il&nbsp;Carnevale di Roma, quello di&nbsp;Civita Castellana, famoso per i suoi carri allegorici di grandi dimensioni, il&nbsp;Carnevale di Frascati&nbsp;con la celebre cremazione di Pulcinella, il&nbsp;Carnevale di Ronciglione&nbsp;e il&nbsp;Carnevale di Tivoli. Un importante appuntamento \u00e8 anche quello con l\u2019Infiorata di Genzano, in provincia di Roma, con i suoi splendidi tappeti di fiori in occasione della festivit\u00e0 del Corpus Domini, il&nbsp;Palio dei Borgia a Nepi, nel viterbese, la rievocazione del&nbsp;Presepio francescano a Greccio&nbsp;(nel periodo natalizio) e la rappresentazione della&nbsp;Salita al Calvario&nbsp;che si svolge a Bagnoregio a Pasqua. Una festa storica \u00e8 invece la&nbsp;Festa di Mezzo Maggio&nbsp;di Acquapendente, istituita in ricordo della liberazione dal Barbarossa.<\/p>\n","protected":false},"excerpt":{"rendered":"<p>Citt\u00e0 e borghi traboccanti di storia, aree naturali e tesori nascosti, siti archeologici, laghi e spiagge: il Lazio ospita Roma, la citt\u00e0 per antonomasia, ma custodisce anche molto altro. La regione \u00e8 ampia e ricca di tesori: al suo interno si incontrano montagne e mare, [&hellip;]<\/p>\n","protected":false},"author":1,"featured_media":63,"parent":0,"menu_order":0,"comment_status":"closed","ping_status":"closed","template":"","meta":{"footnotes":""},"class_list":["post-61","page","type-page","status-publish","has-post-thumbnail","hentry"],"_links":{"self":[{"href":"https:\/\/circoloculturaitalia.com\/index.php\/wp-json\/wp\/v2\/pages\/61","targetHints":{"allow":["GET"]}}],"collection":[{"href":"https:\/\/circoloculturaitalia.com\/index.php\/wp-json\/wp\/v2\/pages"}],"about":[{"href":"https:\/\/circoloculturaitalia.com\/index.php\/wp-json\/wp\/v2\/types\/page"}],"author":[{"embeddable":true,"href":"https:\/\/circoloculturaitalia.com\/index.php\/wp-json\/wp\/v2\/users\/1"}],"replies":[{"embeddable":true,"href":"https:\/\/circoloculturaitalia.com\/index.php\/wp-json\/wp\/v2\/comments?post=61"}],"version-history":[{"count":2,"href":"https:\/\/circoloculturaitalia.com\/index.php\/wp-json\/wp\/v2\/pages\/61\/revisions"}],"predecessor-version":[{"id":90,"href":"https:\/\/circoloculturaitalia.com\/index.php\/wp-json\/wp\/v2\/pages\/61\/revisions\/90"}],"wp:featuredmedia":[{"embeddable":true,"href":"https:\/\/circoloculturaitalia.com\/index.php\/wp-json\/wp\/v2\/media\/63"}],"wp:attachment":[{"href":"https:\/\/circoloculturaitalia.com\/index.php\/wp-json\/wp\/v2\/media?parent=61"}],"curies":[{"name":"wp","href":"https:\/\/api.w.org\/{rel}","templated":true}]}}