{"id":66,"date":"2021-03-09T22:48:49","date_gmt":"2021-03-09T22:48:49","guid":{"rendered":"https:\/\/circoloculturaitalia.com\/?page_id=66"},"modified":"2021-03-09T23:57:25","modified_gmt":"2021-03-09T23:57:25","slug":"piemonte","status":"publish","type":"page","link":"https:\/\/circoloculturaitalia.com\/index.php\/piemonte\/","title":{"rendered":"Piemonte"},"content":{"rendered":"\n<p>E\u2019 una regione dell\u2019Italia nord-occidentale, ai confini con la Svizzera e la Francia.<br>Come indica il nome stesso, il Piemonte \u00e8 la terra delle montagne: \u00e8 infatti circondato su tre lati dalla catena alpina, che proprio qui comprende le vette pi\u00f9 alte e i ghiacciai pi\u00f9 vasti d\u2019Italia.&nbsp;Il&nbsp;Monviso, il versante piemontese del&nbsp;Monte Rosa&nbsp;e gli altri spettacolari rilievi offrono &nbsp;paesaggi di singolare bellezza; numerosi sono anche i comprensori sciistici, tra cui la&nbsp;Via Lattea&nbsp;e il&nbsp;Sestriere, che accolgono con le loro modernissime attrezzature gli appassionati di sport invernali.&nbsp; Sullo sfondo delle Alpi si aprono grandi e pittoresche vallate, tra cui la&nbsp;Val di&nbsp;&nbsp;Susa,&nbsp;la&nbsp;Valsesia&nbsp;e la&nbsp;Val d\u2019Ossola. Ben diverso ma altrettanto caratteristico \u00e8 il panorama delle&nbsp;Langhe&nbsp;e del&nbsp;Monferrato: un susseguirsi di colline coltivate a vigneti, punteggiate di borghi e castelli. Specchi d\u2019acqua e risaie, lunghi filari di pioppi e antiche cascine sono invece gli scenari tipici delle pianure che si estendono nel novarese e nel vercellese.<br>Meta turistica per eccellenza \u00e8 il&nbsp;lago Maggiore, con&nbsp;Stresa&nbsp;e le&nbsp;isole Borromee, paesaggi incantevoli che ospitano antiche ville circondate da parchi all\u2019inglese. Ma la natura \u00e8 solo una delle numerose attrattive del Piemonte. Tanti altri sono i volti della regione: da&nbsp;Torino&nbsp;&#8211; la capitale italiana dell\u2019auto &#8211; con la sua storia e il suo notevole patrimonio artistico, alle altre citt\u00e0, ai vari centri storici tra cui&nbsp;Cherasco,&nbsp;Alba&nbsp;e&nbsp;Ivrea. E poi, i suggestivi castelli medievali tra cui spicca l\u2019imponente castello di Ivrea, le preziose architetture, tra cui le famose&nbsp;Residenze Sabaude&nbsp;e i&nbsp;Sacri Monti. Acqui Terme&nbsp;e&nbsp;Vinadio, localit\u00e0 termali storiche, assicurano cure e trattamenti per un soggiorno di benessere e relax. Scoperte e sorprese di ogni genere attendono i visitatori, compresa una vasta offerta enogastronomica, in grado di soddisfare tutti i gusti.<br>Le province sono:&nbsp;Torino&nbsp;(capoluogo),&nbsp;Alessandria,&nbsp;Asti,&nbsp;Biella,&nbsp;Cuneo,&nbsp;Novara,&nbsp;Verbano Cusio Ossola,&nbsp;Vercelli.<br>Specialit\u00e0:<br>Le specialit\u00e0 pi\u00f9 caratteristiche della cucina regionale sono la&nbsp;fonduta&nbsp;e la&nbsp;bagna cauda: intingoli che esaltano l\u2019uso del&nbsp;tartufo di Alba&nbsp;e quello delle verdure crude.&nbsp; Eccezionali sono anche il&nbsp;gran fritto misto, il&nbsp;brasato al barolo, la&nbsp;lepre in civet&nbsp;e l\u2019ampia scelta di&nbsp;formaggi: le tome, le robiole, il bruss delle Langhe, il gorgonzola di&nbsp;Novara, il sernium di&nbsp;Biella. Dolci caratteristici sono presenti in ogni citt\u00e0: a&nbsp;Torino&nbsp;i&nbsp;cioccolatini&nbsp;(come dimenticare gli squisiti&nbsp;gianduiotti&nbsp;prodotti con le nocciole delle&nbsp;Langhe&nbsp;e del Monferrato), a&nbsp;Novara&nbsp;i&nbsp;biscotti, a&nbsp;Vercelli&nbsp;i&nbsp;bicciolani, a&nbsp;Casale&nbsp;i \u201ccrumiri\u201d, a&nbsp;Cuneo&nbsp;i&nbsp;cuneesi al rhum&nbsp;e i&nbsp;marroni glassati, ad&nbsp;Alba&nbsp;il&nbsp;torrone, i&nbsp;baci di dama&nbsp;di&nbsp;Alessandria&nbsp;e&nbsp;Asti, gli&nbsp;amaretti&nbsp;a&nbsp;Novi.&nbsp;Infine, originari di Torino sono prodotti di fama e diffusione mondiale: i&nbsp;grissini&nbsp;e il&nbsp;vermouth.<br>Il Piemonte produce alcuni dei pi\u00f9 pregiati vini rossi&nbsp;italiani:&nbsp;Barolo, Barbaresco,&nbsp;Gattinara, Ghemme,&nbsp;Nebbiolo, Freisa,&nbsp;Grignolino, Barbera,&nbsp;Dolcetto.<br>Cose da visitare :<br>La prima tappa alla scoperta della regione \u00e8 Torino, con il&nbsp;Museo Egizio, tra i pi\u00f9 importanti del mondo, la Sacra Sindone, una delle reliquie pi\u00f9 preziose della cristianit\u00e0, la famosa&nbsp;Mole Antonelliana&nbsp;che domina il panorama cittadino e ospita il&nbsp;Museo Nazionale del Cinema&nbsp;e&nbsp;il&nbsp;Museo dell\u2019Automobile. Splendida la Reggia della&nbsp;Venaria Reale, un complesso architettonico di estremo fascino, riconosciuta dall\u2019Unesco sito&nbsp;Patrimonio dell\u2019Umanit\u00e0&nbsp;insieme alle&nbsp;altre Residenze Reali dei Savoia. Dal&nbsp;Palazzo Reale&nbsp;e dal&nbsp;Palazzo Carignano&nbsp;di Torino alla Palazzina di caccia di Stupinigi, dal Castello reale di Racconigi al Palazzo Madama di Torino: il percorso di visita delle&nbsp;Residenze Reali dei Savoia&nbsp;inizia nella citt\u00e0 di Torino per terminare nel territorio &nbsp;circostante. Capolavori dell\u2019architettura religiosa sono i&nbsp;Sacri Monti, luoghi di devozione riccamente decorati, diffusi sul territorio dell\u2019intera regione: a&nbsp;Varallo&nbsp;Sesia, a&nbsp;Serralunga&nbsp;di&nbsp;Crea&nbsp;e&nbsp;Ponzano&nbsp;Monferrato, a&nbsp;Orta&nbsp;San&nbsp;Giulio, a&nbsp;Ghiffa, a&nbsp;Domodossola. Mete da non perdere sono alcune cittadine storiche tra cui&nbsp;Cherasco&nbsp;\u201cla citt\u00e0 dalle mura stellate\u201d,&nbsp;Savigliano&nbsp;ricca di monumenti,&nbsp;Alba,&nbsp;Ivrea. Fra le pi\u00f9 famose abbazie spiccano quella di&nbsp;Staffarda, suggestivo esempio di architettura gotica e quella di&nbsp;Novalesa, vicino Susa. Di particolare rilievo anche la&nbsp;Sacra di San Michele, un santuario antichissimo in cui gli aspetti religiosi si fondono mirabilmente con quelli architettonici e naturalistici. La riva piemontese del&nbsp;Lago&nbsp;Maggiore&nbsp;\u00e8 densa di rinomate localit\u00e0 di soggiorno, come&nbsp;Arona&nbsp;con la seicentesca colossale statua di San Carlo,&nbsp;Stresa&nbsp;e le&nbsp;Isole Borromee, con strutture ricettive, ville e giardini. Il comprensorio sciistico del&nbsp;Sestriere&nbsp;e della&nbsp;Via Lattea&nbsp;costituisce uno dei pi\u00f9 importanti sistemi di piste di sport invernali d\u2019Europa. Molte sono anche le riserve&nbsp; e i parchi naturali, tra cui il&nbsp;Tour virtualeParco Nazionale del Gran Paradiso&nbsp;che ospita ghiacciai, laghi naturali e flora e fauna protette.<\/p>\n","protected":false},"excerpt":{"rendered":"<p>E\u2019 una regione dell\u2019Italia nord-occidentale, ai confini con la Svizzera e la Francia.Come indica il nome stesso, il Piemonte \u00e8 la terra delle montagne: \u00e8 infatti circondato su tre lati dalla catena alpina, che proprio qui comprende le vette pi\u00f9 alte e i ghiacciai pi\u00f9 [&hellip;]<\/p>\n","protected":false},"author":1,"featured_media":67,"parent":0,"menu_order":0,"comment_status":"closed","ping_status":"closed","template":"","meta":{"footnotes":""},"class_list":["post-66","page","type-page","status-publish","has-post-thumbnail","hentry"],"_links":{"self":[{"href":"https:\/\/circoloculturaitalia.com\/index.php\/wp-json\/wp\/v2\/pages\/66","targetHints":{"allow":["GET"]}}],"collection":[{"href":"https:\/\/circoloculturaitalia.com\/index.php\/wp-json\/wp\/v2\/pages"}],"about":[{"href":"https:\/\/circoloculturaitalia.com\/index.php\/wp-json\/wp\/v2\/types\/page"}],"author":[{"embeddable":true,"href":"https:\/\/circoloculturaitalia.com\/index.php\/wp-json\/wp\/v2\/users\/1"}],"replies":[{"embeddable":true,"href":"https:\/\/circoloculturaitalia.com\/index.php\/wp-json\/wp\/v2\/comments?post=66"}],"version-history":[{"count":2,"href":"https:\/\/circoloculturaitalia.com\/index.php\/wp-json\/wp\/v2\/pages\/66\/revisions"}],"predecessor-version":[{"id":92,"href":"https:\/\/circoloculturaitalia.com\/index.php\/wp-json\/wp\/v2\/pages\/66\/revisions\/92"}],"wp:featuredmedia":[{"embeddable":true,"href":"https:\/\/circoloculturaitalia.com\/index.php\/wp-json\/wp\/v2\/media\/67"}],"wp:attachment":[{"href":"https:\/\/circoloculturaitalia.com\/index.php\/wp-json\/wp\/v2\/media?parent=66"}],"curies":[{"name":"wp","href":"https:\/\/api.w.org\/{rel}","templated":true}]}}