{"id":75,"date":"2021-03-09T23:44:04","date_gmt":"2021-03-09T23:44:04","guid":{"rendered":"https:\/\/circoloculturaitalia.com\/?page_id=75"},"modified":"2021-03-10T00:02:29","modified_gmt":"2021-03-10T00:02:29","slug":"veneto","status":"publish","type":"page","link":"https:\/\/circoloculturaitalia.com\/index.php\/veneto\/","title":{"rendered":"Veneto"},"content":{"rendered":"\n<p>Grazie a Venezia &#8211; capoluogo della regione &#8211; \u00e8 prima in Italia e tra le primissime in Europa per numero di visitatori: i motivi per visitare la regione del Veneto non si limitano per\u00f2 solo alla sua straordinaria citt\u00e0 sull\u2019acqua. Il Veneto custodisce citt\u00e0 d\u2019arte e piccoli borghi storici, oasi naturali e montagne, cittadelle fortificate, ville nobiliari e localit\u00e0 di villeggiatura sul mare e sul lago.<br>Tra le mete pi\u00f9 famose che valgono il viaggio vi suggeriamo&nbsp;queste dieci:<br>1.&nbsp;Venezia: insieme alla sua laguna Patrimonio dell\u2019Umanit\u00e0 dell\u2019Unesco, \u00e8 una citt\u00e0 incredibile per il suo immenso tesoro artistico e storico<br>2.&nbsp;Le ville Palladiane: edificate intorno alla met\u00e0 del XVI secolo, sparse tra le provincie di Vicenza, Padova, Treviso e Rovigo, sono una parte fondamentale dell\u2019eredit\u00e0 del Palladio<br>3.&nbsp;Le Dolomiti bellunesi: tra le montagne pi\u00f9 belle al mondo, comprendono alcuni dei maggiori gruppi dolomitici, come le Tre Cime di Lavaredo, la Marmolada, il Civetta<br>4.&nbsp;Le Colline del Prosecco: nelle colline ricamate di vigne tra Conegliano e Valdobbiadene si produce un pregiato vino bianco conosciuto in tutto il mondo<br>5.&nbsp;Verona: la citt\u00e0 dell\u2019amore e dell\u2019opera, una citt\u00e0 elegante ricca di attrazioni&nbsp;<br>6.&nbsp;Delta del Po: \u00e8 una vasta area protetta di zone umide tra il corso del Po di Goro e il Fiume Adige abitato da oltre 300 specie di uccelli, meta ambita per il birdwatching<br>7.&nbsp;Lago di Garda: lungo la sponda orientale del lago si trovano borghi pittoreschi, ma anche centri termali, opportunit\u00e0 di trekking e parchi divertimento<br>8.&nbsp;Cittadella: una affascinante citt\u00e0 murata di origini medievali a pochi chilometri da Padova<br>9.&nbsp;Padova: una citt\u00e0 raffinata che vale una visita anche solo per ammirare i capolavori di Giotto nella Cappella Scrovegni<br>10.&nbsp;Bassano del Grappa: situata ai piedi del Monte Grappa, \u00e8 famosa per il suo ponte coperto in legno realizzato dal Palladio e per il suo centro storico.<br>Venezia&nbsp;e i suoi luoghi simbolo sono noti in tutto il mondo: Piazza San Marco con il suo Campanile, la Basilica di San Marco e Palazzo Ducale, il Ponte di Rialto, i suoi palazzi e le sue chiese, i suoi canali e le sue vie (le \u201ccalli\u201d), cos\u00ec come noti sono il suo Carnevale e la Regata Storica, i vetri di Murano e i merletti di Burano. Venezia non \u00e8 l\u2019unica in Veneto a fregiarsi del titolo di Patrimonio dell\u2019Umanit\u00e0 dell\u2019Unesco: tra i luoghi veneti protetti c\u2019\u00e8 anche la citt\u00e0 di&nbsp;Verona, con l\u2019Arena, il suo suggestivo centro storico e la Casa di Giulietta, legata alle vicende del Romeo e Giulietta di Shakespeare;&nbsp;Vicenza e le ville di Andrea Palladio, l\u2019Orto Botanico di Padova, l\u2019orto universitario pi\u00f9 antico del mondo (risale al 1545), la catena montuosa delle&nbsp;Dolomiti, dove si trova il comprensorio sciistico pi\u00f9 grande del mondo e, ultima in ordine di tempo, la zona vitivinicola delle&nbsp;Colline del Prosecco.<br>Le Specialit\u00e0:<br>\u00c8 una cucina dalle radici antiche, che grazie a Venezia \u2013 porta d\u2019Oriente per l\u2019Europa &#8211; ha saputo accogliere per prima sapori e ingredienti provenienti da tutto il mondo, come il mais, lo zucchero, il merluzzo e il riso. Quattro gli ingredienti base della cucina veneta: riso, polenta, fagioli e baccal\u00e0, preparati in un innumerevole numero di varianti all\u2019interno delle varie zone della regione e accostati a un gran numero di verdure, come il Radicchio Rosso di Treviso, il Radicchio Variegato di Castelfranco, gli asparagi bianchi o le cipolle.<br>Cosa fare:<br>Dalle visite culturali alle attivit\u00e0 sportive, dal trekking in montagna alle oasi naturali, passando per rilassanti centri termali, parchi divertimenti e borghi ricchi di storia: in tutta la regione del Veneto le attivit\u00e0 da fare sono davvero svariate ed entusiasmanti, per rispondere alle esigenze di ogni tipo di viaggiatore. Sulle montagne e nei colli della regione si contano moltissimi&nbsp;percorsi di trekking: il&nbsp;Parco Nazionale delle Dolomiti Bellunesi&nbsp;\u00e8 attraversato dalle Alte Vie delle Dolomiti nr. 1 e nr. 2 e da una rete di oltre 200 chilometri di sentieri CAI (in totale 52 sentieri e 5 vie ferrate), oltre a sentieri tematici e percorsi da compiere a cavallo o in mountain-bike. Un grande classico per gli amanti della montagna \u00e8 la&nbsp;Strada delle 52 gallerie del monte Pasubio, nelle Prealpi vicentine, una incredibile opera di ingegneria militare realizzata dall\u2019esercito italiano durante la Prima Guerra Mondiale, dal grande valore paesaggistico e storico, cos\u00ec come il Sentiero delle Vedette, che si snoda sulle Colline del Prosecco, tra gallerie e trincee risalenti anch\u2019esse alla Grande Guerra. Anche sui&nbsp;Colli Euganei, in provincia di Padova, si contano una trentina di percorsi di trekking \u2013 come l\u2019Alta Via dei Colli Euganei, il Sentiero Atestino e il Sentiero Naturalistico dei Colli Euganei Centrali &#8211; ma anche percorsi per gli amanti della mountain bike (tra cui un anello di 63 km), palestre di arrampicata e la Y-40 &#8211; The Deep Joy, la piscina per immersioni pi\u00f9 profonda al mondo; nel&nbsp;Parco della Lessinia, tra Verona e il Monte Baldo, in una zona dalle notevoli particolarit\u00e0 geologiche e naturalistiche, ci sono svariati itinerari di trekking e musei dedicati ai fossili. Per quanto riguarda gli&nbsp;sport invernali, il Veneto vanta un totale di&nbsp;549 km di piste&nbsp;dove sciatori e snowboarder si possono sbizzarrire al cospetto di scenari spettacolari, tra le montagne pi\u00f9 belle del mondo. A&nbsp;Cortina D\u2019Ampezzo, la \u201cRegina delle Dolomiti\u201d, storica localit\u00e0 di villeggiatura e meta del jet-set internazionale, sono 120 i chilometri di piste, oltre a uno snow park, 60 km per lo sci di fondo e piste per slittino. Nel comprensorio di&nbsp;Arabba\/Marmolada&nbsp;si pu\u00f2 invece sciare lungo 63 km di piste molto scenografiche, a un passo dal&nbsp;giro sciistico Sellaronda&nbsp;(40 km tra Arabba, Val Gardena, Alta Badia e Val di Fassa) e ai piedi di sua maest\u00e0 la Marmolada, la vetta pi\u00f9 elevata delle Dolomiti, dedicarsi al fondo o divertirsi nello snow park con attivit\u00e0 pensate anche per le famiglie. Nel comprensorio sciistico del&nbsp;Civetta, tra Alleghe, Selva di Cadore e la Val di Zoldo, sono invece 80 i chilometri di piste e due gli snow park con inoltre la possibilit\u00e0 di sciare in notturna. Il Veneto \u00e8 una delle regioni italiane con il pi\u00f9 alto numero di&nbsp;percorsi ciclabili: tra gli itinerari pi\u00f9 interessanti c\u2019\u00e8 GiraSile, la&nbsp;Greenway del Sile, una rete di 125 chilometri di percorsi ciclabili (ma percorribili anche in barca) che attraversa il Parco Naturale Regionale del Fiume Sile, nel Trevigiano; in provincia di Treviso si pu\u00f2 pedalare lungo la&nbsp;Pista ciclabile Treviso \u2013 Ostiglia&nbsp;realizzata parallelamente alla vecchia ferrovia: lunga 118 km, attraversa tutta la regione fino al confine con la provincia di Mantova. Numerosi sono gli itinerari da intraprendere in mountain bike sull\u2019Altopiano di Asiago, da quelli pi\u00f9 semplici e adatti anche alle famiglie ai percorsi pi\u00f9 impegnativi, come il Giro delle Malghe, la Strada del Vecchio Trenino e gli itinerari sul monte Ortigara, simbolo della Grande Guerra. Chi invece vuole qualcosa di pi\u00f9 di un semplice giro in bici pu\u00f2 dedicarsi al cicloturismo lungo la&nbsp;Pista Ciclabile da Venezia a Monaco di Baviera&nbsp;(lunga 560 chilometri), che attraversa Italia, Austria e Germania. All\u2019interno del&nbsp;Delta del Po, tra Veneto ed Emilia Romagna, si possono percorrere in bicicletta diversi itinerari naturalistici, dei veri e propri safari in bicicletta (il Delta del Po \u00e8 un\u2019oasi perfetta per il birdwatching): qui \u00e8 anche possibile dedicarsi alla fotografia naturalistica, fare escursioni in barca, in canoa o a cavallo. Lungo i 160 chilometri di costa del Veneto sono tante le&nbsp;attivit\u00e0 di mare&nbsp;disponibili:&nbsp;tra Bibione a Cavallino&nbsp;\u00e8 possibile praticare beach volley, nautica, surfing, sci d\u2019acqua o fare passeggiate in bicicletta; sport acquatici come la vela, la nautica o le immersioni sono possibili anche sul&nbsp;Lago di Garda. Chi ama il&nbsp;golf&nbsp;trova a disposizione tanti campi a 18 e 27 buche in tutta la regione, dalla campagna alle zone collinari, dal mare alla montagna: tra i campi da golf pi\u00f9 interessanti il Golf Club di Verona, o il Golf Club Villafranca, a Custoza, il Golf Club Padova, il Circolo Golf di Asiago, o il Circolo del Golf Venezia. In tema di relax e benessere,&nbsp;Abano Terme e Montegrotto, nei Colli Euganei, offrono numerosi centri per le cure termali e la fangoterapia;&nbsp;Bibione, famosa localit\u00e0 di villeggiatura sul mare, ha grandi piscine termali e SPA dove si pratica anche la fango-balneoterapia; il&nbsp;Parco Termale del Garda di Villa dei Cedri, a Col\u00e0 di Lazise, a pochi passi dal Lago di Garda, \u00e8 famoso per i suoi laghi termali immersi in un parco di alberi secolari. Un\u2019esperienza unica \u00e8 quella di assistere a un concerto o a uno spettacolo d\u2019opera all\u2019Arena di Verona, magari in concomitanza con l\u2019Arena Opera Festival, un importante festival operistico che si tiene durante la stagione estiva. Gli intenditori di vino possono invece lanciarsi alla scoperta delle tante&nbsp;Strade del Vino&nbsp;(sedici in tutta la regione), dalla Valpolicella ai Colli Euganei, da quella del Prosecco a quella del Piave o di Bardolino. Per la gioia dei pi\u00f9 piccoli, tappe immancabili sono i grandi&nbsp;parchi divertimento sul Garda&nbsp;come Gardaland, l\u2019acquario Sealife, gli studios cinematografici di Movieland, il parco acquatico CanevaWorld, il Medieval Times di Lazise, il Parco Naturalistico Natura Viva e il Parco Giardino Sigurt\u00e1. Tra gli eventi da non perdere nella regione: a Venezia la terza domenica di luglio di ogni anno si tiene la&nbsp;Festa del Redentore, mentre la prima domenica di settembre \u00e8 il turno della&nbsp;Regata Storica; tra la fine del mese di agosto e l&#8217;inizio di settembre la&nbsp;Mostra internazionale d&#8217;arte cinematografica, il pi\u00f9 antico festival cinematografico del mondo, che si inserisce all\u2019interno degli eventi della&nbsp;Biennale di Venezia&nbsp;(che organizza anche eventi dedicati all\u2019arte, all\u2019architettura, alla musica, al teatro e alla danza); la&nbsp;Partita degli Scacchi a Marostica, che si tiene il secondo week-end di settembre degli anni pari, e&nbsp;Vinitaly, salone internazionale del vino, che si svolge ogni anno a Verona nel mese di aprile.<\/p>\n","protected":false},"excerpt":{"rendered":"<p>Grazie a Venezia &#8211; capoluogo della regione &#8211; \u00e8 prima in Italia e tra le primissime in Europa per numero di visitatori: i motivi per visitare la regione del Veneto non si limitano per\u00f2 solo alla sua straordinaria citt\u00e0 sull\u2019acqua. Il Veneto custodisce citt\u00e0 d\u2019arte [&hellip;]<\/p>\n","protected":false},"author":1,"featured_media":76,"parent":0,"menu_order":0,"comment_status":"closed","ping_status":"closed","template":"","meta":{"footnotes":""},"class_list":["post-75","page","type-page","status-publish","has-post-thumbnail","hentry"],"_links":{"self":[{"href":"https:\/\/circoloculturaitalia.com\/index.php\/wp-json\/wp\/v2\/pages\/75","targetHints":{"allow":["GET"]}}],"collection":[{"href":"https:\/\/circoloculturaitalia.com\/index.php\/wp-json\/wp\/v2\/pages"}],"about":[{"href":"https:\/\/circoloculturaitalia.com\/index.php\/wp-json\/wp\/v2\/types\/page"}],"author":[{"embeddable":true,"href":"https:\/\/circoloculturaitalia.com\/index.php\/wp-json\/wp\/v2\/users\/1"}],"replies":[{"embeddable":true,"href":"https:\/\/circoloculturaitalia.com\/index.php\/wp-json\/wp\/v2\/comments?post=75"}],"version-history":[{"count":2,"href":"https:\/\/circoloculturaitalia.com\/index.php\/wp-json\/wp\/v2\/pages\/75\/revisions"}],"predecessor-version":[{"id":94,"href":"https:\/\/circoloculturaitalia.com\/index.php\/wp-json\/wp\/v2\/pages\/75\/revisions\/94"}],"wp:featuredmedia":[{"embeddable":true,"href":"https:\/\/circoloculturaitalia.com\/index.php\/wp-json\/wp\/v2\/media\/76"}],"wp:attachment":[{"href":"https:\/\/circoloculturaitalia.com\/index.php\/wp-json\/wp\/v2\/media?parent=75"}],"curies":[{"name":"wp","href":"https:\/\/api.w.org\/{rel}","templated":true}]}}