{"id":82,"date":"2021-03-09T23:47:50","date_gmt":"2021-03-09T23:47:50","guid":{"rendered":"https:\/\/circoloculturaitalia.com\/?page_id=82"},"modified":"2021-03-09T23:50:24","modified_gmt":"2021-03-09T23:50:24","slug":"campania","status":"publish","type":"page","link":"https:\/\/circoloculturaitalia.com\/index.php\/campania\/","title":{"rendered":"Campania"},"content":{"rendered":"\n<p>La dolcezza del clima, la bellezza delle coste, la ricchezza dell\u2019arte e della storia, l\u2019amore per la cucina rendono la&nbsp;Campania&nbsp;una terra tutta da vivere. La Campania, situata nel&#8217;Italia meridionale,&nbsp;si estende lungo il versante del&nbsp;mar Tirreno, dalla foce del&nbsp;Garigliano&nbsp;al&nbsp;Golfo di Policastro. Un viaggio che inizia dal mare, re incontrastato, con il suoi colori intensi, le coste ricche di baie, insenature e pareti rocciose, le&nbsp;isole del&nbsp;Golfo di Napoli&nbsp;Capri,&nbsp;Ischia&nbsp;e&nbsp;Procida, veri capolavori della natura.&nbsp;Questa regione \u00e8 caratterizzata da una&nbsp;dalla ricca vegetazione mediterranea in cui sono incastonati&nbsp;paesi ricchi di storia, d&#8217;arte e di tradizioni,&nbsp;dove trascorrere un soggiorno indimenticabile. E come dimenticare il monumento della natura che domina imponente questa terra? Il&nbsp;Vesuvio, cupo e misterioso, amato per la sua bellezza e temuto per la sua potenza. E poi&nbsp;Napoli, conosciuta nel mondo per l\u2019intensit\u00e0 e la passione della sua musica che, come la citt\u00e0, mescola aspetti colti e popolari, sacri e profani, gioiosi e malinconici. E adagiata su una terrazza di tufo a strapiombo sul mare,&nbsp;Sorrento. In questo scorcio di paradiso, coste frastagliate e inaccessibili si alternano a piccole e nascoste spiagge che danno vita ad un paesaggio unico. Qui l\u2019opera dell\u2019uomo \u00e8 stata grandiosa. Le zone pi\u00f9 impervie oggi sono trasformate da una serie di terrazzamenti digradanti verso il mare, utilizzati per coltivare agrumi, ulivi e viti. Sono i giardini dai quali esalano gli inebrianti profumi di aranci, limoni e zagare. Musica, mare, divertimento e natura, ma anche storia e cultura.<br>Visitare luoghi come&nbsp;Paestum,&nbsp;Ercolano, Pompei e Torre Annunziata,&nbsp;Certosa di Padula&nbsp;o la&nbsp;Reggia di Caserta&nbsp;sar\u00e0 un&#8217;esperienza indimenticabile, fuori dal tempo.<\/p>\n\n\n\n<p>Le province sono:&nbsp;Napoli&nbsp;(capoluogo),&nbsp;Caserta,&nbsp;Benevento,&nbsp;Avellino&nbsp;e&nbsp;Salerno.<br>La specialit\u00e0:<br>\u00c8 una cucina allegra e solare, quella campana, famosa soprattutto per i prodotti tipici della sua terra. Grazie al sole, questa terra pu\u00f2 vantare i&nbsp;pomodori&nbsp;pi\u00f9 succosi e gustosi del mondo che condiscono molti piatti locali fra cui troviamo anche&nbsp;la famosa&nbsp;pizza napoletana&nbsp;ed il&nbsp;calzone. \u00c8 oramai passato alla leggenda quel pizzaiolo che invent\u00f2, in onore di&nbsp;Margherita di Savoia, una pizza tricolore condita con pomodoro, mozzarella e basilico che ancora oggi sopravvive con il tradizionale nome di \u201cpizza Margherita\u201d.&nbsp; Napoli \u00e8 anche la patria degli&nbsp;spaghetti. I condimenti sono numerosi e tutti molto gustosi, ma l\u2019importante \u00e8 la cottura a regola d\u2019arte ed in questo i napoletani sono dei veri maestri. Altro fiore all\u2019occhiello di questa regione \u00e8 la produzione casearia, con la famosa&nbsp;mozzarella di bufala campana DOP, magistralmente prodotta nelle zone di&nbsp;Mondragone,&nbsp;Battipaglia,&nbsp;Capua&nbsp;ed&nbsp;Eboli. I&nbsp;dolci&nbsp;pi\u00f9 rappresentativi sono certamente la&nbsp;pastiera napoletana, le fragranti&nbsp;sfogliatelle di ricotta,&nbsp;il&nbsp;bab\u00e0&nbsp;intriso di liquore e&nbsp;la rinfrescante&nbsp;Delizia al limone. Il&nbsp;limoncello di Sorrento&nbsp;e i&nbsp;vini campani, dal&nbsp;Taurasi&nbsp;all\u2019Aglianico&nbsp;passando per&nbsp;Greco di Tufo,&nbsp;Asprino d\u2019Aversa,&nbsp;Lacrima Christi,&nbsp;Fiano&nbsp;e&nbsp;Solopaca, accompagnano meravigliosamente una cena con i piatti della cucina napoletana, magari gustata su una terrazza affacciata sul mare, a lume di candela, con una bella canzone napoletana in sottofondo.<br>Cosa fare:<br>La Campania offre un\u2019infinit\u00e0 di modi per vivere e scoprire la bellezza della sua terra, una perfetta armonia tra&nbsp;storia,&nbsp;natura,&nbsp;cultura,&nbsp;folklore&nbsp;e&nbsp;sapori genuini.<br>Luoghi dove trascorrere le proprie vacanze all\u2019insegna della cultura, dello sport e del divertimento ma, soprattutto, dove rigenerarsi e ritrovare l\u2019equilibrio psico-fisico facendosi coccolare in uno dei tanti stabilimenti termali. Quando si parla di&nbsp;terme&nbsp;vengono subito alla mente i&nbsp;parchi termali di Ischia, una delle perle del&nbsp;Golfo di Napoli, che grazie alle sue origini vulcaniche vanta uno dei maggiori patrimoni idro-termali del mondo. Moderni e attrezzati centri benessere offrono un\u2019ampia gamma di trattamenti curativi ed estetici per ritrovare la forma migliore, immersi nel paesaggio incantato di questa meravigliosa isola. Nel magnifico scenario del Golfo di Napoli, oltre a&nbsp;Ischia, si trova uno dei luoghi pi\u00f9 famosi al mondo,&nbsp;Capri, la regina della vita mondana e del lusso, punto di incontro di personalit\u00e0 politiche, personaggi del jet set e divi del cinema. Una passeggiata nella sua mitica&nbsp;piazzetta&nbsp;\u00e8 una tappa obbligata per arrivare al cuore di questo luogo ricco di fascino e di mistero. Le meraviglie di questa isola sono tante e tanti sono i modi per ammirarle: noleggiando i famosi e confortevoli gozzi, prenotando un&nbsp;tour in elicottero&nbsp;che sorvoler\u00e0 l\u2019intera&nbsp;Baia di Napoli&nbsp;e le zone di&nbsp;Ercolano&nbsp;e&nbsp;Pompei&nbsp;oppure, per chi vuole rimanere a terra, prenotando una visita guidata per conoscere i luoghi pi\u00f9 belli e gli aneddoti pi\u00f9 curiosi. Il mare \u00e8 sicuramente l\u2019attrattiva principale della Campania, ma anche l\u2019entroterra merita uno sguardo attento. Sentieri antichi, alcuni risalenti a 2000 anni fa, permettono di entrare nel cuore del&nbsp;Parchi Nazionali&nbsp;e&nbsp;Regionali&nbsp;che custodiscono, in un contesto naturalistico d\u2019eccezione, tanti reperti della storia passata.&nbsp; E in una terra baciata dal sole e dal mare non potevano mancare eccellenti produzioni vinicole, apprezzate a livello internazionale. Un\u2019ampia gamma di vini, di grande pregio e dal sapore pi\u00f9 o meno intenso, potranno essere assaporati dagli amanti del \u201csangue di Bacco\u201d percorrendo una delle&nbsp;Strade del Vino, dove natura, tradizione e gusto saranno gli accompagnatori d\u2019eccezione.&nbsp;Tradizioni antiche che ritroviamo nelle tante&nbsp;sagre e manifestazioni&nbsp;organizzate in tutto il territorio della Campania, che ospita anche eventi culturali di portata internazionale. Nello scenario incantato della&nbsp;Costiera Amalfitana, ogni anno, si organizza il&nbsp;Ravello Festival, appuntamento imperdibile per chi vuole lasciarsi conquistare dal fascino della grande musica eseguita in uno scenario di incomparabile suggestione.<\/p>\n","protected":false},"excerpt":{"rendered":"<p>La dolcezza del clima, la bellezza delle coste, la ricchezza dell\u2019arte e della storia, l\u2019amore per la cucina rendono la&nbsp;Campania&nbsp;una terra tutta da vivere. La Campania, situata nel&#8217;Italia meridionale,&nbsp;si estende lungo il versante del&nbsp;mar Tirreno, dalla foce del&nbsp;Garigliano&nbsp;al&nbsp;Golfo di Policastro. Un viaggio che inizia dal [&hellip;]<\/p>\n","protected":false},"author":1,"featured_media":83,"parent":0,"menu_order":0,"comment_status":"closed","ping_status":"closed","template":"","meta":{"footnotes":""},"class_list":["post-82","page","type-page","status-publish","has-post-thumbnail","hentry"],"_links":{"self":[{"href":"https:\/\/circoloculturaitalia.com\/index.php\/wp-json\/wp\/v2\/pages\/82","targetHints":{"allow":["GET"]}}],"collection":[{"href":"https:\/\/circoloculturaitalia.com\/index.php\/wp-json\/wp\/v2\/pages"}],"about":[{"href":"https:\/\/circoloculturaitalia.com\/index.php\/wp-json\/wp\/v2\/types\/page"}],"author":[{"embeddable":true,"href":"https:\/\/circoloculturaitalia.com\/index.php\/wp-json\/wp\/v2\/users\/1"}],"replies":[{"embeddable":true,"href":"https:\/\/circoloculturaitalia.com\/index.php\/wp-json\/wp\/v2\/comments?post=82"}],"version-history":[{"count":2,"href":"https:\/\/circoloculturaitalia.com\/index.php\/wp-json\/wp\/v2\/pages\/82\/revisions"}],"predecessor-version":[{"id":86,"href":"https:\/\/circoloculturaitalia.com\/index.php\/wp-json\/wp\/v2\/pages\/82\/revisions\/86"}],"wp:featuredmedia":[{"embeddable":true,"href":"https:\/\/circoloculturaitalia.com\/index.php\/wp-json\/wp\/v2\/media\/83"}],"wp:attachment":[{"href":"https:\/\/circoloculturaitalia.com\/index.php\/wp-json\/wp\/v2\/media?parent=82"}],"curies":[{"name":"wp","href":"https:\/\/api.w.org\/{rel}","templated":true}]}}